{"id":1582,"date":"2025-08-29T12:34:53","date_gmt":"2025-08-29T12:34:53","guid":{"rendered":"https:\/\/westgate-valley-curacao.com\/standort\/"},"modified":"2025-09-21T14:53:42","modified_gmt":"2025-09-21T14:53:42","slug":"standort","status":"publish","type":"page","link":"https:\/\/westgate-valley-curacao.com\/de\/standort\/","title":{"rendered":"Standort"},"content":{"rendered":"\t\t<div data-elementor-type=\"wp-page\" data-elementor-id=\"1582\" class=\"elementor elementor-1582 elementor-1424\" data-elementor-post-type=\"page\">\n\t\t\t\t<div class=\"elementor-element elementor-element-62a3311 e-con-full e-flex e-con e-parent\" data-id=\"62a3311\" data-element_type=\"container\" data-e-type=\"container\">\n\t\t<div class=\"elementor-element elementor-element-1f0db7f e-flex e-con-boxed e-con e-child\" data-id=\"1f0db7f\" data-element_type=\"container\" data-e-type=\"container\" data-settings=\"{&quot;background_background&quot;:&quot;classic&quot;}\">\n\t\t\t\t\t<div class=\"e-con-inner\">\n\t\t\t\t<div class=\"elementor-element elementor-element-b7a39f9 elementor-widget elementor-widget-heading\" data-id=\"b7a39f9\" data-element_type=\"widget\" data-e-type=\"widget\" data-widget_type=\"heading.default\">\n\t\t\t\t\t<h1 class=\"elementor-heading-title elementor-size-default\">Leben in Westpunt Cura\u00e7ao\n<\/h1>\t\t\t\t<\/div>\n\t\t\t\t\t<\/div>\n\t\t\t\t<\/div>\n\t\t\t\t<\/div>\n\t\t<div class=\"elementor-element elementor-element-3451e6e e-con-full e-flex e-con e-parent\" data-id=\"3451e6e\" data-element_type=\"container\" data-e-type=\"container\">\n\t\t<div class=\"elementor-element elementor-element-9492c4a e-flex e-con-boxed e-con e-child\" data-id=\"9492c4a\" data-element_type=\"container\" data-e-type=\"container\" data-settings=\"{&quot;background_background&quot;:&quot;classic&quot;}\">\n\t\t\t\t\t<div class=\"e-con-inner\">\n\t\t<div class=\"elementor-element elementor-element-3b9e213 e-con-full e-flex e-con e-child\" data-id=\"3b9e213\" data-element_type=\"container\" data-e-type=\"container\">\n\t\t\t\t<div class=\"elementor-element elementor-element-9454967 elementor-widget elementor-widget-image\" data-id=\"9454967\" data-element_type=\"widget\" data-e-type=\"widget\" data-widget_type=\"image.default\">\n\t\t\t\t\t\t\t\t\t\t\t\t\t\t\t<img fetchpriority=\"high\" decoding=\"async\" width=\"1024\" height=\"683\" src=\"https:\/\/westgate-valley-curacao.com\/wp-content\/uploads\/2025\/08\/Westgat-Valley-project-1024x683.jpg\" class=\"attachment-large size-large wp-image-1584\" alt=\"\" srcset=\"https:\/\/westgate-valley-curacao.com\/wp-content\/uploads\/2025\/08\/Westgat-Valley-project-1024x683.jpg 1024w, https:\/\/westgate-valley-curacao.com\/wp-content\/uploads\/2025\/08\/Westgat-Valley-project-300x200.jpg 300w, https:\/\/westgate-valley-curacao.com\/wp-content\/uploads\/2025\/08\/Westgat-Valley-project-768x512.jpg 768w, https:\/\/westgate-valley-curacao.com\/wp-content\/uploads\/2025\/08\/Westgat-Valley-project.jpg 1200w\" sizes=\"(max-width: 1024px) 100vw, 1024px\" \/>\t\t\t\t\t\t\t\t\t\t\t\t\t\t\t<\/div>\n\t\t\t\t<\/div>\n\t\t<div class=\"elementor-element elementor-element-2f26a50 e-con-full e-flex e-con e-child\" data-id=\"2f26a50\" data-element_type=\"container\" data-e-type=\"container\">\n\t\t\t\t<div class=\"elementor-element elementor-element-cac0eae elementor-widget-divider--view-line elementor-widget elementor-widget-divider\" data-id=\"cac0eae\" data-element_type=\"widget\" data-e-type=\"widget\" data-widget_type=\"divider.default\">\n\t\t\t\t\t\t\t<div class=\"elementor-divider\">\n\t\t\t<span class=\"elementor-divider-separator\">\n\t\t\t\t\t\t<\/span>\n\t\t<\/div>\n\t\t\t\t\t\t<\/div>\n\t\t\t\t<div class=\"elementor-element elementor-element-6b9ee91 elementor-widget-mobile__width-inherit elementor-widget elementor-widget-heading\" data-id=\"6b9ee91\" data-element_type=\"widget\" data-e-type=\"widget\" data-widget_type=\"heading.default\">\n\t\t\t\t\t<h2 class=\"elementor-heading-title elementor-size-default\">Leben in Westpunt Cura\u00e7ao\n<\/h2>\t\t\t\t<\/div>\n\t\t\t\t<div class=\"elementor-element elementor-element-bd603e4 elementor-widget elementor-widget-text-editor\" data-id=\"bd603e4\" data-element_type=\"widget\" data-e-type=\"widget\" data-widget_type=\"text-editor.default\">\n\t\t\t\t\t\t\t\t\t<p class=\"p1\">Westpunt ist eine der unber\u00fchrtesten Regionen von Cura\u00e7ao, bekannt f\u00fcr ihre unber\u00fchrten Str\u00e4nde, den Christoffel-Nationalpark und den authentischen Inselcharakter. Das Leben hier bedeutet, atemberaubende Sonnenunterg\u00e4nge von Ihrer Veranda aus zu genie\u00dfen und den friedlichen Rhythmus der Westk\u00fcste von Cura\u00e7ao zu genie\u00dfen. <\/p><p class=\"p1\">Nur 30 Minuten vom internationalen Flughafen Cura\u00e7ao und 20 Minuten vom UNESCO-Weltkulturerbe Willemstad entfernt, bietet Westpunt die perfekte Balance zwischen Ruhe und Zug\u00e4nglichkeit. Von Naturwundern bis hin zu kulturellen Highlights ist alles schnell zu erreichen. <\/p>\t\t\t\t\t\t\t\t<\/div>\n\t\t\t\t<\/div>\n\t\t\t\t\t<\/div>\n\t\t\t\t<\/div>\n\t\t\t\t<\/div>\n\t\t<div class=\"elementor-element elementor-element-ea2a4d5 e-con-full e-flex e-con e-parent\" data-id=\"ea2a4d5\" data-element_type=\"container\" data-e-type=\"container\">\n\t\t<div class=\"elementor-element elementor-element-706a244 e-flex e-con-boxed e-con e-child\" data-id=\"706a244\" data-element_type=\"container\" data-e-type=\"container\" data-settings=\"{&quot;background_background&quot;:&quot;classic&quot;}\">\n\t\t\t\t\t<div class=\"e-con-inner\">\n\t\t<div class=\"elementor-element elementor-element-db0acd0 e-con-full e-flex e-con e-child\" data-id=\"db0acd0\" data-element_type=\"container\" data-e-type=\"container\" data-settings=\"{&quot;background_background&quot;:&quot;classic&quot;}\">\n\t\t\t\t<div class=\"elementor-element elementor-element-5a122b5 elementor-widget-mobile__width-inherit elementor-widget elementor-widget-heading\" data-id=\"5a122b5\" data-element_type=\"widget\" data-e-type=\"widget\" data-widget_type=\"heading.default\">\n\t\t\t\t\t<h3 class=\"elementor-heading-title elementor-size-default\">Playa Piskado \u2013 1 km \/ 2 min Fahrt\n<\/h3>\t\t\t\t<\/div>\n\t\t\t\t<div class=\"elementor-element elementor-element-f9c6422 elementor-widget elementor-widget-text-editor\" data-id=\"f9c6422\" data-element_type=\"widget\" data-e-type=\"widget\" data-widget_type=\"text-editor.default\">\n\t\t\t\t\t\t\t\t\t<p class=\"p1\">Ein malerischer Schnorchelplatz, an dem Meeresschildkr\u00f6ten durch kristallklares Wasser gleiten, w\u00e4hrend einheimische Fischer ihren t\u00e4glichen Fang einbringen.<\/p>\t\t\t\t\t\t\t\t<\/div>\n\t\t\t\t<\/div>\n\t\t\t\t\t<\/div>\n\t\t\t\t<\/div>\n\t\t\t\t<\/div>\n\t\t<div class=\"elementor-element elementor-element-48592d7 e-con-full e-flex e-con e-parent\" data-id=\"48592d7\" data-element_type=\"container\" data-e-type=\"container\">\n\t\t<div class=\"elementor-element elementor-element-5b9d403 e-flex e-con-boxed e-con e-child\" data-id=\"5b9d403\" data-element_type=\"container\" data-e-type=\"container\" data-settings=\"{&quot;background_background&quot;:&quot;classic&quot;}\">\n\t\t\t\t\t<div class=\"e-con-inner\">\n\t\t<div class=\"elementor-element elementor-element-248e3a6 e-con-full e-flex e-con e-child\" data-id=\"248e3a6\" data-element_type=\"container\" data-e-type=\"container\" data-settings=\"{&quot;background_background&quot;:&quot;classic&quot;}\">\n\t\t\t\t<div class=\"elementor-element elementor-element-d1fe3d5 elementor-widget-mobile__width-inherit elementor-widget elementor-widget-heading\" data-id=\"d1fe3d5\" data-element_type=\"widget\" data-e-type=\"widget\" data-widget_type=\"heading.default\">\n\t\t\t\t\t<h3 class=\"elementor-heading-title elementor-size-default\">Playa Kalki \u2013 1 km \/ 2 min Fahrt\n<\/h3>\t\t\t\t<\/div>\n\t\t\t\t<div class=\"elementor-element elementor-element-3056338 elementor-widget elementor-widget-text-editor\" data-id=\"3056338\" data-element_type=\"widget\" data-e-type=\"widget\" data-widget_type=\"text-editor.default\">\n\t\t\t\t\t\t\t\t\t<p class=\"p1\">Eine ruhige Bucht mit ruhigem, klarem Wasser und bunten Korallenriffen, was sie zu einem der besten Tauch- und Schnorchelpl\u00e4tze der Insel macht.<\/p>\t\t\t\t\t\t\t\t<\/div>\n\t\t\t\t<\/div>\n\t\t\t\t\t<\/div>\n\t\t\t\t<\/div>\n\t\t\t\t<\/div>\n\t\t<div class=\"elementor-element elementor-element-553c116 e-con-full e-flex e-con e-parent\" data-id=\"553c116\" data-element_type=\"container\" data-e-type=\"container\">\n\t\t<div class=\"elementor-element elementor-element-b4eb715 e-flex e-con-boxed e-con e-child\" data-id=\"b4eb715\" data-element_type=\"container\" data-e-type=\"container\" data-settings=\"{&quot;background_background&quot;:&quot;classic&quot;}\">\n\t\t\t\t\t<div class=\"e-con-inner\">\n\t\t<div class=\"elementor-element elementor-element-cf1b865 e-con-full e-flex e-con e-child\" data-id=\"cf1b865\" data-element_type=\"container\" data-e-type=\"container\" data-settings=\"{&quot;background_background&quot;:&quot;classic&quot;}\">\n\t\t\t\t<div class=\"elementor-element elementor-element-3de9228 elementor-widget-mobile__width-inherit elementor-widget elementor-widget-heading\" data-id=\"3de9228\" data-element_type=\"widget\" data-e-type=\"widget\" data-widget_type=\"heading.default\">\n\t\t\t\t\t<h3 class=\"elementor-heading-title elementor-size-default\">Shete Boka \u2013 6 km \/ 14 min Fahrt\n<\/h3>\t\t\t\t<\/div>\n\t\t\t\t<div class=\"elementor-element elementor-element-8ffc6ef elementor-widget elementor-widget-text-editor\" data-id=\"8ffc6ef\" data-element_type=\"widget\" data-e-type=\"widget\" data-widget_type=\"text-editor.default\">\n\t\t\t\t\t\t\t\t\t<p class=\"p1\">Ein dramatisches K\u00fcstenreservat, in dem m\u00e4chtige Wellen gegen schroffe Klippen schlagen und ein spektakul\u00e4res Naturschauspiel bieten.<\/p>\t\t\t\t\t\t\t\t<\/div>\n\t\t\t\t<\/div>\n\t\t\t\t\t<\/div>\n\t\t\t\t<\/div>\n\t\t\t\t<\/div>\n\t\t<div class=\"elementor-element elementor-element-a4108f7 e-con-full e-flex e-con e-parent\" data-id=\"a4108f7\" data-element_type=\"container\" data-e-type=\"container\">\n\t\t<div class=\"elementor-element elementor-element-68931cb e-flex e-con-boxed e-con e-child\" data-id=\"68931cb\" data-element_type=\"container\" data-e-type=\"container\" data-settings=\"{&quot;background_background&quot;:&quot;classic&quot;}\">\n\t\t\t\t\t<div class=\"e-con-inner\">\n\t\t<div class=\"elementor-element elementor-element-b22694f e-con-full e-flex e-con e-child\" data-id=\"b22694f\" data-element_type=\"container\" data-e-type=\"container\" data-settings=\"{&quot;background_background&quot;:&quot;classic&quot;}\">\n\t\t\t\t<div class=\"elementor-element elementor-element-2b5fc7e elementor-widget-mobile__width-inherit elementor-widget elementor-widget-heading\" data-id=\"2b5fc7e\" data-element_type=\"widget\" data-e-type=\"widget\" data-widget_type=\"heading.default\">\n\t\t\t\t\t<h3 class=\"elementor-heading-title elementor-size-default\">Christoffelberg \u2013 7 km \/ 16 min Fahrt\n<\/h3>\t\t\t\t<\/div>\n\t\t\t\t<div class=\"elementor-element elementor-element-f4b80ed elementor-widget elementor-widget-text-editor\" data-id=\"f4b80ed\" data-element_type=\"widget\" data-e-type=\"widget\" data-widget_type=\"text-editor.default\">\n\t\t\t\t\t\t\t\t\t<p class=\"p1\">Der h\u00f6chste Gipfel auf Cura\u00e7ao, perfekt f\u00fcr abenteuerliche Wanderungen, die Sie mit einem Panoramablick auf die Insel und das Karibische Meer belohnen.<\/p>\t\t\t\t\t\t\t\t<\/div>\n\t\t\t\t<\/div>\n\t\t\t\t\t<\/div>\n\t\t\t\t<\/div>\n\t\t\t\t<\/div>\n\t\t<div class=\"elementor-element elementor-element-87efa07 e-con-full e-flex e-con e-parent\" data-id=\"87efa07\" data-element_type=\"container\" data-e-type=\"container\">\n\t\t<div class=\"elementor-element elementor-element-345bbbf e-flex e-con-boxed e-con e-child\" data-id=\"345bbbf\" data-element_type=\"container\" data-e-type=\"container\" data-settings=\"{&quot;background_background&quot;:&quot;classic&quot;}\">\n\t\t\t\t\t<div class=\"e-con-inner\">\n\t\t<div class=\"elementor-element elementor-element-a569ac2 e-con-full e-flex e-con e-child\" data-id=\"a569ac2\" data-element_type=\"container\" data-e-type=\"container\" data-settings=\"{&quot;background_background&quot;:&quot;classic&quot;}\">\n\t\t\t\t<div class=\"elementor-element elementor-element-33c88b4 elementor-widget-mobile__width-inherit elementor-widget elementor-widget-heading\" data-id=\"33c88b4\" data-element_type=\"widget\" data-e-type=\"widget\" data-widget_type=\"heading.default\">\n\t\t\t\t\t<h3 class=\"elementor-heading-title elementor-size-default\">Groot Knip \u2013 4 km \/ 7 Minuten Fahrt\n<\/h3>\t\t\t\t<\/div>\n\t\t\t\t<div class=\"elementor-element elementor-element-951b4a0 elementor-widget elementor-widget-text-editor\" data-id=\"951b4a0\" data-element_type=\"widget\" data-e-type=\"widget\" data-widget_type=\"text-editor.default\">\n\t\t\t\t\t\t\t\t\t<p class=\"p1\">Einer der ber\u00fchmtesten Str\u00e4nde von Cura\u00e7ao mit wei\u00dfem Sand und t\u00fcrkisfarbenem Wasser, ideal zum Schwimmen, Sonnenbaden und f\u00fcr Familienausfl\u00fcge.<\/p>\t\t\t\t\t\t\t\t<\/div>\n\t\t\t\t<\/div>\n\t\t\t\t\t<\/div>\n\t\t\t\t<\/div>\n\t\t\t\t<\/div>\n\t\t\t\t<\/div>\n\t\t","protected":false},"excerpt":{"rendered":"<p>Leben in Westpunt Cura\u00e7ao Leben in Westpunt Cura\u00e7ao Westpunt ist eine der unber\u00fchrtesten Regionen von Cura\u00e7ao, bekannt f\u00fcr ihre unber\u00fchrten Str\u00e4nde, den Christoffel-Nationalpark und den authentischen Inselcharakter. Das Leben hier bedeutet, atemberaubende Sonnenunterg\u00e4nge von Ihrer Veranda aus zu genie\u00dfen und den friedlichen Rhythmus der Westk\u00fcste von Cura\u00e7ao zu genie\u00dfen. Nur 30 Minuten vom internationalen Flughafen [&hellip;]<\/p>\n","protected":false},"author":2,"featured_media":0,"parent":0,"menu_order":0,"comment_status":"closed","ping_status":"closed","template":"","meta":{"_acf_changed":false,"site-sidebar-layout":"no-sidebar","site-content-layout":"page-builder","ast-site-content-layout":"full-width-container","site-content-style":"default","site-sidebar-style":"default","ast-global-header-display":"","ast-banner-title-visibility":"","ast-main-header-display":"","ast-hfb-above-header-display":"","ast-hfb-below-header-display":"","ast-hfb-mobile-header-display":"","site-post-title":"","ast-breadcrumbs-content":"","ast-featured-img":"disabled","footer-sml-layout":"","ast-disable-related-posts":"","theme-transparent-header-meta":"default","adv-header-id-meta":"","stick-header-meta":"","header-above-stick-meta":"","header-main-stick-meta":"","header-below-stick-meta":"","astra-migrate-meta-layouts":"default","ast-page-background-enabled":"default","ast-page-background-meta":{"desktop":{"background-color":"var(--ast-global-color-4)","background-image":"","background-repeat":"repeat","background-position":"center center","background-size":"auto","background-attachment":"scroll","background-type":"","background-media":"","overlay-type":"","overlay-color":"","overlay-opacity":"","overlay-gradient":""},"tablet":{"background-color":"","background-image":"","background-repeat":"repeat","background-position":"center center","background-size":"auto","background-attachment":"scroll","background-type":"","background-media":"","overlay-type":"","overlay-color":"","overlay-opacity":"","overlay-gradient":""},"mobile":{"background-color":"","background-image":"","background-repeat":"repeat","background-position":"center center","background-size":"auto","background-attachment":"scroll","background-type":"","background-media":"","overlay-type":"","overlay-color":"","overlay-opacity":"","overlay-gradient":""}},"ast-content-background-meta":{"desktop":{"background-color":"var(--ast-global-color-5)","background-image":"","background-repeat":"repeat","background-position":"center center","background-size":"auto","background-attachment":"scroll","background-type":"","background-media":"","overlay-type":"","overlay-color":"","overlay-opacity":"","overlay-gradient":""},"tablet":{"background-color":"var(--ast-global-color-5)","background-image":"","background-repeat":"repeat","background-position":"center center","background-size":"auto","background-attachment":"scroll","background-type":"","background-media":"","overlay-type":"","overlay-color":"","overlay-opacity":"","overlay-gradient":""},"mobile":{"background-color":"var(--ast-global-color-5)","background-image":"","background-repeat":"repeat","background-position":"center center","background-size":"auto","background-attachment":"scroll","background-type":"","background-media":"","overlay-type":"","overlay-color":"","overlay-opacity":"","overlay-gradient":""}},"footnotes":""},"class_list":["post-1582","page","type-page","status-publish","hentry"],"acf":[],"_links":{"self":[{"href":"https:\/\/westgate-valley-curacao.com\/de\/wp-json\/wp\/v2\/pages\/1582","targetHints":{"allow":["GET"]}}],"collection":[{"href":"https:\/\/westgate-valley-curacao.com\/de\/wp-json\/wp\/v2\/pages"}],"about":[{"href":"https:\/\/westgate-valley-curacao.com\/de\/wp-json\/wp\/v2\/types\/page"}],"author":[{"embeddable":true,"href":"https:\/\/westgate-valley-curacao.com\/de\/wp-json\/wp\/v2\/users\/2"}],"replies":[{"embeddable":true,"href":"https:\/\/westgate-valley-curacao.com\/de\/wp-json\/wp\/v2\/comments?post=1582"}],"version-history":[{"count":1,"href":"https:\/\/westgate-valley-curacao.com\/de\/wp-json\/wp\/v2\/pages\/1582\/revisions"}],"predecessor-version":[{"id":1612,"href":"https:\/\/westgate-valley-curacao.com\/de\/wp-json\/wp\/v2\/pages\/1582\/revisions\/1612"}],"wp:attachment":[{"href":"https:\/\/westgate-valley-curacao.com\/de\/wp-json\/wp\/v2\/media?parent=1582"}],"curies":[{"name":"wp","href":"https:\/\/api.w.org\/{rel}","templated":true}]}}